{"id":70,"date":"2022-10-09T14:13:30","date_gmt":"2022-10-09T14:13:30","guid":{"rendered":"https:\/\/erikoishammasteknikkosalonen.fi\/?page_id=70"},"modified":"2022-11-16T16:48:39","modified_gmt":"2022-11-16T16:48:39","slug":"hammasproteesit","status":"publish","type":"page","link":"https:\/\/erikoishammasteknikkosalonen.fi\/?page_id=70","title":{"rendered":"Hammasproteesit"},"content":{"rendered":"\t\t<div data-elementor-type=\"wp-page\" data-elementor-id=\"70\" class=\"elementor elementor-70\">\n\t\t\t\t\t\t<section class=\"elementor-section elementor-top-section elementor-element elementor-element-36b21c1 elementor-section-full_width elementor-section-height-default elementor-section-height-default\" data-id=\"36b21c1\" data-element_type=\"section\" data-settings=\"{&quot;background_background&quot;:&quot;classic&quot;}\">\n\t\t\t\t\t\t\t<div class=\"elementor-background-overlay\"><\/div>\n\t\t\t\t\t\t\t<div class=\"elementor-container elementor-column-gap-default\">\n\t\t\t\t\t<div class=\"elementor-column elementor-col-100 elementor-top-column elementor-element elementor-element-e3be7c8\" data-id=\"e3be7c8\" data-element_type=\"column\">\n\t\t\t<div class=\"elementor-widget-wrap elementor-element-populated\">\n\t\t\t\t\t\t<div class=\"elementor-element elementor-element-019f118 elementor-widget elementor-widget-heading\" data-id=\"019f118\" data-element_type=\"widget\" data-widget_type=\"heading.default\">\n\t\t\t\t<div class=\"elementor-widget-container\">\n\t\t\t\t\t<h1 class=\"elementor-heading-title elementor-size-default\">Hammasproteesit<\/h1>\t\t\t\t<\/div>\n\t\t\t\t<\/div>\n\t\t\t\t\t<\/div>\n\t\t<\/div>\n\t\t\t\t\t<\/div>\n\t\t<\/section>\n\t\t\t\t<section class=\"elementor-section elementor-top-section elementor-element elementor-element-114ab96 elementor-section-boxed elementor-section-height-default elementor-section-height-default\" data-id=\"114ab96\" data-element_type=\"section\">\n\t\t\t\t\t\t<div class=\"elementor-container elementor-column-gap-default\">\n\t\t\t\t\t<div class=\"elementor-column elementor-col-100 elementor-top-column elementor-element elementor-element-db02709\" data-id=\"db02709\" data-element_type=\"column\">\n\t\t\t<div class=\"elementor-widget-wrap elementor-element-populated\">\n\t\t\t\t\t\t<div class=\"elementor-element elementor-element-46fe012 elementor-widget elementor-widget-heading\" data-id=\"46fe012\" data-element_type=\"widget\" data-widget_type=\"heading.default\">\n\t\t\t\t<div class=\"elementor-widget-container\">\n\t\t\t\t\t<h2 class=\"elementor-heading-title elementor-size-default\">Tietoa<br>hammasproteeseista<\/h2>\t\t\t\t<\/div>\n\t\t\t\t<\/div>\n\t\t\t\t<div class=\"elementor-element elementor-element-1d99e5e elementor-widget elementor-widget-text-editor\" data-id=\"1d99e5e\" data-element_type=\"widget\" data-widget_type=\"text-editor.default\">\n\t\t\t\t<div class=\"elementor-widget-container\">\n\t\t\t\t\t\t\t\t\t<p>Suu on el\u00e4v\u00e4\u00e4 kudosta, jossa tapahtuu jatkuvasti muutoksia. Tutkimustiedon mukaan suuri osa ihmisist\u00e4 pit\u00e4\u00e4 hammasproteeseja liian kauan huoltamatta ja korjaamatta. Proteesi tulisi huoltaa ja tarkastuttaa vuoden v\u00e4lein, pohjata 2-3 vuoden v\u00e4lein ja uusia kokonaan 5-10 vuoden v\u00e4lein.<\/p>\t\t\t\t\t\t\t\t<\/div>\n\t\t\t\t<\/div>\n\t\t\t\t\t<\/div>\n\t\t<\/div>\n\t\t\t\t\t<\/div>\n\t\t<\/section>\n\t\t\t\t<section class=\"elementor-section elementor-top-section elementor-element elementor-element-9ee3099 elementor-section-boxed elementor-section-height-default elementor-section-height-default\" data-id=\"9ee3099\" data-element_type=\"section\">\n\t\t\t\t\t\t<div class=\"elementor-container elementor-column-gap-default\">\n\t\t\t\t\t<div class=\"elementor-column elementor-col-100 elementor-top-column elementor-element elementor-element-bc6f421\" data-id=\"bc6f421\" data-element_type=\"column\">\n\t\t\t<div class=\"elementor-widget-wrap elementor-element-populated\">\n\t\t\t\t\t\t<div class=\"elementor-element elementor-element-3040a62 elementor-widget elementor-widget-heading\" data-id=\"3040a62\" data-element_type=\"widget\" data-widget_type=\"heading.default\">\n\t\t\t\t<div class=\"elementor-widget-container\">\n\t\t\t\t\t<h2 class=\"elementor-heading-title elementor-size-default\">Hammasproteesin puhdistus<\/h2>\t\t\t\t<\/div>\n\t\t\t\t<\/div>\n\t\t\t\t<div class=\"elementor-element elementor-element-b685947 elementor-widget elementor-widget-text-editor\" data-id=\"b685947\" data-element_type=\"widget\" data-widget_type=\"text-editor.default\">\n\t\t\t\t<div class=\"elementor-widget-container\">\n\t\t\t\t\t\t\t\t\t<p>Hammasproteesien puhdistuksesta ja hyv\u00e4st\u00e4 suuhygieniasta huolehtiminen p\u00e4ivitt\u00e4in on ensiarvoisen t\u00e4rke\u00e4\u00e4. Proteesi tulisi puhdistaa aamuin illoin sek\u00e4 mielell\u00e4\u00e4n jokaisen aterioinnin j\u00e4lkeen. Proteesi pest\u00e4\u00e4n erityisell\u00e4 proteeseille tarkoitetulla harjalla sek\u00e4 haalealla vedell\u00e4 huolellisesti. Kiinnit\u00e4 erityist\u00e4 huomiota pintoihin, jotka tulevat vastakkain suun limakalvojen kanssa. Pesuaineena voidaan k\u00e4ytt\u00e4\u00e4 nestem\u00e4ist\u00e4 astianpesuainetta tai proteeseille tarkoitettua puhdistusainetta. Suun limakalvot sek\u00e4 mahdolliset omat hampaat puhdistetaan pehme\u00e4ll\u00e4 harjalla. Lopuksi suu ja proteesi huuhdotaan raikkaalla vedell\u00e4 huolellisesti.<\/p>\n<p>Hammasproteesin tehostettu puhdistus\/desinfiointi on suositeltavaa tehd\u00e4 kerran <br>viikossa. Apteekista saa erityisesti t\u00e4h\u00e4n tarkoitukseen suunniteltuja puhdistusaineita ja tabletteja. Desinfioinnin j\u00e4lkeen proteesit harjataan ja huuhdellaan huolellisesti ennen k\u00e4ytt\u00f6\u00e4.<\/p>\n<p>Huolehdi my\u00f6s proteesi- ja hammasharjasi hygieniasta ja vaihda ne uuteen riitt\u00e4v\u00e4n usein.<\/p>\t\t\t\t\t\t\t\t<\/div>\n\t\t\t\t<\/div>\n\t\t\t\t\t<\/div>\n\t\t<\/div>\n\t\t\t\t\t<\/div>\n\t\t<\/section>\n\t\t\t\t<section class=\"elementor-section elementor-top-section elementor-element elementor-element-0cf9942 elementor-section-boxed elementor-section-height-default elementor-section-height-default\" data-id=\"0cf9942\" data-element_type=\"section\">\n\t\t\t\t\t\t<div class=\"elementor-container elementor-column-gap-default\">\n\t\t\t\t\t<div class=\"elementor-column elementor-col-100 elementor-top-column elementor-element elementor-element-a1d2321\" data-id=\"a1d2321\" data-element_type=\"column\">\n\t\t\t<div class=\"elementor-widget-wrap elementor-element-populated\">\n\t\t\t\t\t\t<div class=\"elementor-element elementor-element-03a7db5 elementor-widget elementor-widget-heading\" data-id=\"03a7db5\" data-element_type=\"widget\" data-widget_type=\"heading.default\">\n\t\t\t\t<div class=\"elementor-widget-container\">\n\t\t\t\t\t<h2 class=\"elementor-heading-title elementor-size-default\">Hammasproteesin pohjaus<\/h2>\t\t\t\t<\/div>\n\t\t\t\t<\/div>\n\t\t\t\t<div class=\"elementor-element elementor-element-e89ea09 elementor-widget elementor-widget-text-editor\" data-id=\"e89ea09\" data-element_type=\"widget\" data-widget_type=\"text-editor.default\">\n\t\t\t\t<div class=\"elementor-widget-container\">\n\t\t\t\t\t\t\t\t\t<p>Valmistaessamme sinulle uudet hammasproteesit teemme ne t\u00e4ydellisesti suuhusi sopivaksi, mutta ajan my\u00f6t\u00e4 suun limakalvot ja leukaluu muuttuvat. T\u00e4m\u00e4 aiheuttaa proteesin l\u00f6ystymist\u00e4, jolloin proteesi saattaa lonksua, irrota ja proteesin alle saattaa menn\u00e4 ruokaa. T\u00e4llainen ongelma korjaantuu hammasproteesin pohjauksella eli tiivist\u00e4misell\u00e4.<\/p><p>&#8220;Tiivistyksess\u00e4&#8221; proteesin pohjaan otetaan suustasi tarkka j\u00e4ljenn\u00f6s, jonka perusteella pohjaamme proteesisi muotoilemaan t\u00e4ydellisesti suusi muuttuneita, yksil\u00f6llisi\u00e4 muotoja. Pohjaukset teemme ripe\u00e4sti saman p\u00e4iv\u00e4n aikana, jotta et joudu olemaan pitk\u00e4\u00e4 aikaa ilman hampaitasi. Proteesin pohjaus tulisi suorittaa 2-3 vuoden v\u00e4lein.<\/p>\t\t\t\t\t\t\t\t<\/div>\n\t\t\t\t<\/div>\n\t\t\t\t\t<\/div>\n\t\t<\/div>\n\t\t\t\t\t<\/div>\n\t\t<\/section>\n\t\t\t\t<section class=\"elementor-section elementor-top-section elementor-element elementor-element-302c2a6 elementor-section-boxed elementor-section-height-default elementor-section-height-default\" data-id=\"302c2a6\" data-element_type=\"section\">\n\t\t\t\t\t\t<div class=\"elementor-container elementor-column-gap-default\">\n\t\t\t\t\t<div class=\"elementor-column elementor-col-100 elementor-top-column elementor-element elementor-element-41380e2\" data-id=\"41380e2\" data-element_type=\"column\">\n\t\t\t<div class=\"elementor-widget-wrap elementor-element-populated\">\n\t\t\t\t\t\t<div class=\"elementor-element elementor-element-e2ee492 elementor-widget elementor-widget-heading\" data-id=\"e2ee492\" data-element_type=\"widget\" data-widget_type=\"heading.default\">\n\t\t\t\t<div class=\"elementor-widget-container\">\n\t\t\t\t\t<h2 class=\"elementor-heading-title elementor-size-default\">Hammasproteesin korjaus<\/h2>\t\t\t\t<\/div>\n\t\t\t\t<\/div>\n\t\t\t\t<div class=\"elementor-element elementor-element-c61aaec elementor-widget elementor-widget-text-editor\" data-id=\"c61aaec\" data-element_type=\"widget\" data-widget_type=\"text-editor.default\">\n\t\t\t\t<div class=\"elementor-widget-container\">\n\t\t\t\t\t\t\t\t\t<p>Hammasproteesi saattaa joskus murtua tai haljeta tai siit\u00e4 voiirrota<br \/>hammas tai pala. Ota meihin heti yhteytt\u00e4, jos huomaat hammasproteesissasi vaurioita, sill\u00e4 korjaaminen on helpompaa ja edullisempaa heti vaurion synnytty\u00e4. Hampaita tai muita osia ei tule itse liimata proteesiin, koska t\u00e4m\u00e4 saattaa hankaloittaa lopullista korjausta.<\/p>\t\t\t\t\t\t\t\t<\/div>\n\t\t\t\t<\/div>\n\t\t\t\t\t<\/div>\n\t\t<\/div>\n\t\t\t\t\t<\/div>\n\t\t<\/section>\n\t\t\t\t<section class=\"elementor-section elementor-top-section elementor-element elementor-element-bd48e9e elementor-section-boxed elementor-section-height-default elementor-section-height-default\" data-id=\"bd48e9e\" data-element_type=\"section\">\n\t\t\t\t\t\t<div class=\"elementor-container elementor-column-gap-default\">\n\t\t\t\t\t<div class=\"elementor-column elementor-col-100 elementor-top-column elementor-element elementor-element-6b4dbe5\" data-id=\"6b4dbe5\" data-element_type=\"column\">\n\t\t\t<div class=\"elementor-widget-wrap elementor-element-populated\">\n\t\t\t\t\t\t<div class=\"elementor-element elementor-element-f5950c4 elementor-widget elementor-widget-heading\" data-id=\"f5950c4\" data-element_type=\"widget\" data-widget_type=\"heading.default\">\n\t\t\t\t<div class=\"elementor-widget-container\">\n\t\t\t\t\t<h3 class=\"elementor-heading-title elementor-size-default\">Soita ajanvarukseen<\/h3>\t\t\t\t<\/div>\n\t\t\t\t<\/div>\n\t\t\t\t<div class=\"elementor-element elementor-element-2d77856 elementor-widget-divider--view-line elementor-widget elementor-widget-divider\" data-id=\"2d77856\" data-element_type=\"widget\" data-widget_type=\"divider.default\">\n\t\t\t\t<div class=\"elementor-widget-container\">\n\t\t\t\t\t\t\t<div class=\"elementor-divider\">\n\t\t\t<span class=\"elementor-divider-separator\">\n\t\t\t\t\t\t<\/span>\n\t\t<\/div>\n\t\t\t\t\t\t<\/div>\n\t\t\t\t<\/div>\n\t\t\t\t<div class=\"elementor-element elementor-element-0e074ba elementor-view-default elementor-widget elementor-widget-icon\" data-id=\"0e074ba\" data-element_type=\"widget\" data-widget_type=\"icon.default\">\n\t\t\t\t<div class=\"elementor-widget-container\">\n\t\t\t\t\t\t\t<div class=\"elementor-icon-wrapper\">\n\t\t\t<div class=\"elementor-icon\">\n\t\t\t<i aria-hidden=\"true\" class=\"fas fa-phone-alt\"><\/i>\t\t\t<\/div>\n\t\t<\/div>\n\t\t\t\t\t\t<\/div>\n\t\t\t\t<\/div>\n\t\t\t\t<div class=\"elementor-element elementor-element-6059bc8 elementor-widget elementor-widget-heading\" data-id=\"6059bc8\" data-element_type=\"widget\" data-widget_type=\"heading.default\">\n\t\t\t\t<div class=\"elementor-widget-container\">\n\t\t\t\t\t<h3 class=\"elementor-heading-title elementor-size-default\">02 733 3080<\/h3>\t\t\t\t<\/div>\n\t\t\t\t<\/div>\n\t\t\t\t\t<\/div>\n\t\t<\/div>\n\t\t\t\t\t<\/div>\n\t\t<\/section>\n\t\t\t\t<\/div>\n\t\t","protected":false},"excerpt":{"rendered":"<p>Hammasproteesit Tietoa hammasproteeseista Suu on el\u00e4v\u00e4\u00e4 kudosta, jossa tapahtuu jatkuvasti muutoksia. Tutkimustiedon mukaan suuri osa ihmisist\u00e4 pit\u00e4\u00e4 hammasproteeseja liian kauan huoltamatta ja korjaamatta. Proteesi tulisi huoltaa ja tarkastuttaa vuoden v\u00e4lein, pohjata 2-3 vuoden v\u00e4lein ja uusia kokonaan 5-10 vuoden v\u00e4lein. Hammasproteesin puhdistus Hammasproteesien puhdistuksesta ja hyv\u00e4st\u00e4 suuhygieniasta huolehtiminen p\u00e4ivitt\u00e4in on ensiarvoisen t\u00e4rke\u00e4\u00e4. Proteesi tulisi puhdistaa [&hellip;]<\/p>\n","protected":false},"author":1,"featured_media":0,"parent":0,"menu_order":0,"comment_status":"closed","ping_status":"closed","template":"elementor_header_footer","meta":{"footnotes":""},"class_list":["post-70","page","type-page","status-publish","hentry","entry"],"aioseo_notices":[],"_links":{"self":[{"href":"https:\/\/erikoishammasteknikkosalonen.fi\/index.php?rest_route=\/wp\/v2\/pages\/70","targetHints":{"allow":["GET"]}}],"collection":[{"href":"https:\/\/erikoishammasteknikkosalonen.fi\/index.php?rest_route=\/wp\/v2\/pages"}],"about":[{"href":"https:\/\/erikoishammasteknikkosalonen.fi\/index.php?rest_route=\/wp\/v2\/types\/page"}],"author":[{"embeddable":true,"href":"https:\/\/erikoishammasteknikkosalonen.fi\/index.php?rest_route=\/wp\/v2\/users\/1"}],"replies":[{"embeddable":true,"href":"https:\/\/erikoishammasteknikkosalonen.fi\/index.php?rest_route=%2Fwp%2Fv2%2Fcomments&post=70"}],"version-history":[{"count":24,"href":"https:\/\/erikoishammasteknikkosalonen.fi\/index.php?rest_route=\/wp\/v2\/pages\/70\/revisions"}],"predecessor-version":[{"id":273,"href":"https:\/\/erikoishammasteknikkosalonen.fi\/index.php?rest_route=\/wp\/v2\/pages\/70\/revisions\/273"}],"wp:attachment":[{"href":"https:\/\/erikoishammasteknikkosalonen.fi\/index.php?rest_route=%2Fwp%2Fv2%2Fmedia&parent=70"}],"curies":[{"name":"wp","href":"https:\/\/api.w.org\/{rel}","templated":true}]}}