{"id":310,"date":"2023-01-29T08:15:24","date_gmt":"2023-01-29T08:15:24","guid":{"rendered":"https:\/\/erikoishammasteknikkosalonen.fi\/?page_id=310"},"modified":"2023-01-29T08:22:40","modified_gmt":"2023-01-29T08:22:40","slug":"tietosuojaseloste","status":"publish","type":"page","link":"https:\/\/erikoishammasteknikkosalonen.fi\/?page_id=310","title":{"rendered":"TIETOSUOJASELOSTE"},"content":{"rendered":"\t\t<div data-elementor-type=\"wp-page\" data-elementor-id=\"310\" class=\"elementor elementor-310\">\n\t\t\t\t\t\t<section class=\"elementor-section elementor-top-section elementor-element elementor-element-3219905 elementor-section-boxed elementor-section-height-default elementor-section-height-default\" data-id=\"3219905\" data-element_type=\"section\">\n\t\t\t\t\t\t<div class=\"elementor-container elementor-column-gap-default\">\n\t\t\t\t\t<div class=\"elementor-column elementor-col-100 elementor-top-column elementor-element elementor-element-500d533\" data-id=\"500d533\" data-element_type=\"column\">\n\t\t\t<div class=\"elementor-widget-wrap elementor-element-populated\">\n\t\t\t\t\t\t<div class=\"elementor-element elementor-element-024a367 elementor-widget elementor-widget-heading\" data-id=\"024a367\" data-element_type=\"widget\" data-widget_type=\"heading.default\">\n\t\t\t\t<div class=\"elementor-widget-container\">\n\t\t\t\t\t<h1 class=\"elementor-heading-title elementor-size-default\">Tietosuojaseloste<\/h1>\t\t\t\t<\/div>\n\t\t\t\t<\/div>\n\t\t\t\t<div class=\"elementor-element elementor-element-514b273 elementor-widget elementor-widget-text-editor\" data-id=\"514b273\" data-element_type=\"widget\" data-widget_type=\"text-editor.default\">\n\t\t\t\t<div class=\"elementor-widget-container\">\n\t\t\t\t\t\t\t\t\t<h3><b>1. Rekisterinpit\u00e4j\u00e4 ja yhteyshenkil\u00f6<\/b><\/h3><h3><span style=\"font-weight: 400;\">Erikoishammasteknikko Pertti Salonen, Rummunly\u00f6j\u00e4nkatu 7, 24100 Salo, pertti.salonen@dentiform.fi<\/span><\/h3><h3><b>2. Rekister\u00f6idyt<\/b><\/h3><h3><span style=\"font-weight: 400;\">Rekisteri sis\u00e4lt\u00e4\u00e4 erikoishammasteknikko Pertti salosen erikoishammasteknisten asiakkaiden tietoja ja henkil\u00f6tietoja.<\/span><\/h3><h3><b>3. Henkil\u00f6tietojen ja rekisterin k\u00e4ytt\u00f6tarkoitus<\/b><\/h3><h3><span style=\"font-weight: 400;\">Rekisterin pit\u00e4misen peruste on potilaan ja erikoishammasteknikko Simo Villan asiakassuhde. Henkil\u00f6tietoja k\u00e4sitell\u00e4\u00e4n suostumuksen perusteella. Henkil\u00f6tietoja k\u00e4sitell\u00e4\u00e4n vain ennalta m\u00e4\u00e4riteltyihin tarkoituksiin, jotka ovat seuraavat:<\/span><\/h3><h3><span style=\"font-weight: 400;\">\u2022 asiakkaiden identifiointi suun tarkastusta sek\u00e4 hammasproteettisen hoidon suunnittelua ja toteutusta varten<\/span><\/h3><h3><span style=\"font-weight: 400;\">\u2022 hammasteknisten t\u00f6iden identifiointi<\/span><\/h3><h3><span style=\"font-weight: 400;\">\u2022 mahdollisten luottotietojen tarkastaminen<\/span><\/h3><h3><span style=\"font-weight: 400;\">\u2022 asiakassuhteen hoitaminen ja markkinointi<\/span><\/h3><h3><b>4. Rekisterin tietosis\u00e4lt\u00f6<\/b><\/h3><h3><span style=\"font-weight: 400;\">\u2022 asiakkaan nimi, henkil\u00f6tunnus ja yhteystiedot sek\u00e4 mahdollinen asiakkaan nime\u00e4m\u00e4 yhteyshenkil\u00f6<\/span><\/h3><h3><span style=\"font-weight: 400;\">\u2022 asiakkaan hoidon kannalta v\u00e4ltt\u00e4m\u00e4tt\u00f6m\u00e4t terveystiedot ja esitiedot<\/span><\/h3><h3><span style=\"font-weight: 400;\">\u2022 annettavan hammasproteettisen hoidon tiedot<\/span><\/h3><h3><span style=\"font-weight: 400;\">\u2022 ajanvarausta ja laskutusta koskevat tiedot<\/span><\/h3><h3><span style=\"font-weight: 400;\">\u2022 merkinn\u00e4n tekij\u00e4n tai lukijan tiedot<\/span><\/h3><h3><b>5. S\u00e4\u00e4nn\u00f6nmukaiset tietol\u00e4hteet<\/b><\/h3><h3><span style=\"font-weight: 400;\">Asiakastiedot saadaan s\u00e4\u00e4nn\u00f6nmukaisesti asiakkaalta itselt\u00e4\u00e4n tai h\u00e4nen lailliselta edustajaltaan. Lis\u00e4ksi tietoja voidaan ker\u00e4t\u00e4 muilta hoitoon osallistuvilta ammattihenkil\u00f6ilt\u00e4.<\/span><\/h3><h3><b>6. Tietojen s\u00e4\u00e4nn\u00f6nmukaiset luovutukset<\/b><\/h3><h3><span style=\"font-weight: 400;\">Asiakastiedot ovat salassa pidett\u00e4vi\u00e4. Asiakastietoja voidaan luovuttaa sivullisille vain asiakkaan suostumuksella.<\/span><\/h3><h3><b>7. Tietojen siirto EU:n tai Euroopan talousalueen (ETA) ulkopuolelle<\/b><\/h3><h3><span style=\"font-weight: 400;\">Tietoja ei siirret\u00e4 tai luovuteta EU:n tai ETA:n ulkopuolelle.<\/span><\/h3><h3><b>8. Henkil\u00f6tietojen s\u00e4ilytysaika rekisteriss\u00e4<\/b><\/h3><h3><span style=\"font-weight: 400;\">Henkil\u00f6tietoja s\u00e4ilytet\u00e4\u00e4n asiakasrekisteriss\u00e4, kunnes osapuolten v\u00e4linen asiakassuhde katsotaan p\u00e4\u00e4ttyneeksi.\u00a0<\/span><\/h3><h3><b>9. Rekisterin suojauksen periaatteet<\/b><\/h3><h3><span style=\"font-weight: 400;\">Rekisterinpit\u00e4j\u00e4 valvoo ja k\u00e4sittelee asiakastietoja. Manuaaliset aineistot s\u00e4ilytet\u00e4\u00e4n lukitussa tilassa. S\u00e4hk\u00f6iset tallenteet on suojattu asianmukaisen teknisin keinoin, tietoj\u00e4rjestelm\u00e4t sijaitsevat lukituissa tiloissa.<\/span><\/h3><h3><b>10. Rekister\u00f6idyn oikeudet<\/b><\/h3><h3><span style=\"font-weight: 400;\">Rekister\u00f6idyll\u00e4 on seuraavat oikeudet, joiden k\u00e4ytt\u00e4mist\u00e4 koskevat pyynn\u00f6t tulee tehd\u00e4 osoitteeseen Erikoishammasteknikko\u00a0 Pertti Salonen, Rummunly\u00f6j\u00e4nkatu 7, 24100 Salo<\/span><\/h3><h3><i><span style=\"font-weight: 400;\">Tarkastusoikeus: <\/span><\/i><span style=\"font-weight: 400;\">Rekister\u00f6ity voi tarkastaa tallennetut henkil\u00f6tietonsa.<\/span><\/h3><h3><i><span style=\"font-weight: 400;\">Oikeus tietojen oikaisemiseen: <\/span><\/i><span style=\"font-weight: 400;\">Rekister\u00f6ity voi pyyt\u00e4\u00e4 oikaisemaan h\u00e4nt\u00e4 koskevat virheelliset tai puutteelliset tiedot.<\/span><\/h3><h3><i><span style=\"font-weight: 400;\">Vastustamisoikeus: <\/span><\/i><span style=\"font-weight: 400;\">Rekister\u00f6ity voi vastustaa henkil\u00f6tietojen k\u00e4sittely\u00e4, mik\u00e4li kokee, ett\u00e4 henkil\u00f6tietoja on k\u00e4sitelty lainvastaisesti.<\/span><\/h3><h3><i><span style=\"font-weight: 400;\">Suoramarkkinointikielto: <\/span><\/i><span style=\"font-weight: 400;\">Rekister\u00f6idyll\u00e4 on oikeus kielt\u00e4\u00e4 tietojen k\u00e4ytt\u00e4minen suoramarkkinointiin.<\/span><\/h3><h3><i><span style=\"font-weight: 400;\">Poisto-oikeus: <\/span><\/i><span style=\"font-weight: 400;\">Rekister\u00f6idyll\u00e4 on oikeus pyyt\u00e4\u00e4 tietojen poistamista, jos tietojen k\u00e4sittely ei ole tarpeen. Poistopyynt\u00f6 k\u00e4sitell\u00e4\u00e4n, jonka j\u00e4lkeen tiedot joko poistetaan tai asianomaiselle saatetaan tiedoksi perusteltu syy jonka vuoksi tietoja ei voida poistaa.<\/span><\/h3><h3><i><span style=\"font-weight: 400;\">Suostumuksen peruuttaminen: <\/span><\/i><span style=\"font-weight: 400;\">Jos rekister\u00f6ity\u00e4 koskeva henkil\u00f6tietojen k\u00e4sittely perustuu ainoastaan suostumukseen, eik\u00e4 esim. asiakkuuteen tai j\u00e4senyyteen, voi rekister\u00f6ity peruuttaa suostumuksen.<\/span><\/h3><h3><i><span style=\"font-weight: 400;\">Rekister\u00f6ity voi valittaa p\u00e4\u00e4t\u00f6ksest\u00e4 tietosuojavaltuutetulle: <\/span><\/i><span style=\"font-weight: 400;\">Rekister\u00f6idyll\u00e4 on oikeus vaatia, ett\u00e4 kiistanalaisten tietojen k\u00e4sittely\u00e4 rajoitetaan siksi aikaa, kunnes asia saadaan ratkaistua.<\/span><\/h3><h3><i><span style=\"font-weight: 400;\">Valitusoikeus: <\/span><\/i><span style=\"font-weight: 400;\">Rekister\u00f6idyll\u00e4 on oikeus tehd\u00e4 valitus tietosuojavaltuutetulle, jos h\u00e4n kokee, ett\u00e4 rekisteri rikkoo voimassa olevaa tietosuojalains\u00e4\u00e4d\u00e4nt\u00f6\u00e4 henkil\u00f6tietojen k\u00e4sittelyss\u00e4.<\/span><\/h3>\t\t\t\t\t\t\t\t<\/div>\n\t\t\t\t<\/div>\n\t\t\t\t\t<\/div>\n\t\t<\/div>\n\t\t\t\t\t<\/div>\n\t\t<\/section>\n\t\t\t\t<\/div>\n\t\t","protected":false},"excerpt":{"rendered":"<p>Tietosuojaseloste 1. Rekisterinpit\u00e4j\u00e4 ja yhteyshenkil\u00f6 Erikoishammasteknikko Pertti Salonen, Rummunly\u00f6j\u00e4nkatu 7, 24100 Salo, pertti.salonen@dentiform.fi 2. Rekister\u00f6idyt Rekisteri sis\u00e4lt\u00e4\u00e4 erikoishammasteknikko Pertti salosen erikoishammasteknisten asiakkaiden tietoja ja henkil\u00f6tietoja. 3. Henkil\u00f6tietojen ja rekisterin k\u00e4ytt\u00f6tarkoitus Rekisterin pit\u00e4misen peruste on potilaan ja erikoishammasteknikko Simo Villan asiakassuhde. Henkil\u00f6tietoja k\u00e4sitell\u00e4\u00e4n suostumuksen perusteella. Henkil\u00f6tietoja k\u00e4sitell\u00e4\u00e4n vain ennalta m\u00e4\u00e4riteltyihin tarkoituksiin, jotka ovat seuraavat: \u2022 asiakkaiden [&hellip;]<\/p>\n","protected":false},"author":1,"featured_media":0,"parent":0,"menu_order":0,"comment_status":"closed","ping_status":"closed","template":"","meta":{"footnotes":""},"class_list":["post-310","page","type-page","status-publish","hentry","entry"],"aioseo_notices":[],"_links":{"self":[{"href":"https:\/\/erikoishammasteknikkosalonen.fi\/index.php?rest_route=\/wp\/v2\/pages\/310","targetHints":{"allow":["GET"]}}],"collection":[{"href":"https:\/\/erikoishammasteknikkosalonen.fi\/index.php?rest_route=\/wp\/v2\/pages"}],"about":[{"href":"https:\/\/erikoishammasteknikkosalonen.fi\/index.php?rest_route=\/wp\/v2\/types\/page"}],"author":[{"embeddable":true,"href":"https:\/\/erikoishammasteknikkosalonen.fi\/index.php?rest_route=\/wp\/v2\/users\/1"}],"replies":[{"embeddable":true,"href":"https:\/\/erikoishammasteknikkosalonen.fi\/index.php?rest_route=%2Fwp%2Fv2%2Fcomments&post=310"}],"version-history":[{"count":7,"href":"https:\/\/erikoishammasteknikkosalonen.fi\/index.php?rest_route=\/wp\/v2\/pages\/310\/revisions"}],"predecessor-version":[{"id":318,"href":"https:\/\/erikoishammasteknikkosalonen.fi\/index.php?rest_route=\/wp\/v2\/pages\/310\/revisions\/318"}],"wp:attachment":[{"href":"https:\/\/erikoishammasteknikkosalonen.fi\/index.php?rest_route=%2Fwp%2Fv2%2Fmedia&parent=310"}],"curies":[{"name":"wp","href":"https:\/\/api.w.org\/{rel}","templated":true}]}}