{"id":25,"date":"2022-10-06T17:52:34","date_gmt":"2022-10-06T17:52:34","guid":{"rendered":"https:\/\/erikoishammasteknikkosalonen.fi\/?page_id=25"},"modified":"2025-01-20T18:20:38","modified_gmt":"2025-01-20T18:20:38","slug":"koti","status":"publish","type":"page","link":"https:\/\/erikoishammasteknikkosalonen.fi\/","title":{"rendered":"Koti"},"content":{"rendered":"\t\t<div data-elementor-type=\"wp-page\" data-elementor-id=\"25\" class=\"elementor elementor-25\">\n\t\t\t\t\t\t<section class=\"elementor-section elementor-top-section elementor-element elementor-element-30be3c1 elementor-section-height-min-height elementor-hidden-desktop elementor-hidden-tablet elementor-section-boxed elementor-section-height-default elementor-section-items-middle\" data-id=\"30be3c1\" data-element_type=\"section\" data-settings=\"{&quot;background_background&quot;:&quot;classic&quot;}\">\n\t\t\t\t\t\t\t<div class=\"elementor-background-overlay\"><\/div>\n\t\t\t\t\t\t\t<div class=\"elementor-container elementor-column-gap-default\">\n\t\t\t\t\t<div class=\"elementor-column elementor-col-100 elementor-top-column elementor-element elementor-element-054129b\" data-id=\"054129b\" data-element_type=\"column\">\n\t\t\t<div class=\"elementor-widget-wrap elementor-element-populated\">\n\t\t\t\t\t\t<div class=\"elementor-element elementor-element-3904222 elementor-widget elementor-widget-image\" data-id=\"3904222\" data-element_type=\"widget\" data-widget_type=\"image.default\">\n\t\t\t\t<div class=\"elementor-widget-container\">\n\t\t\t\t\t\t\t\t\t\t\t\t\t\t\t<img decoding=\"async\" width=\"300\" height=\"74\" src=\"https:\/\/erikoishammasteknikkosalonen.fi\/wp-content\/uploads\/2022\/10\/ehtperttis_footerlogo-01-01-1-e1665079784344-300x74.png\" class=\"attachment-medium size-medium wp-image-28\" alt=\"Erikoishammasteknikko Pertti Salonen\" srcset=\"https:\/\/erikoishammasteknikkosalonen.fi\/wp-content\/uploads\/2022\/10\/ehtperttis_footerlogo-01-01-1-e1665079784344-300x74.png 300w, https:\/\/erikoishammasteknikkosalonen.fi\/wp-content\/uploads\/2022\/10\/ehtperttis_footerlogo-01-01-1-e1665079784344.png 566w\" sizes=\"(max-width: 300px) 100vw, 300px\" \/>\t\t\t\t\t\t\t\t\t\t\t\t\t\t\t<\/div>\n\t\t\t\t<\/div>\n\t\t\t\t\t<\/div>\n\t\t<\/div>\n\t\t\t\t\t<\/div>\n\t\t<\/section>\n\t\t\t\t<section class=\"elementor-section elementor-top-section elementor-element elementor-element-a0195af elementor-section-full_width elementor-section-height-default elementor-section-height-default\" data-id=\"a0195af\" data-element_type=\"section\" data-settings=\"{&quot;background_background&quot;:&quot;classic&quot;}\">\n\t\t\t\t\t\t\t<div class=\"elementor-background-overlay\"><\/div>\n\t\t\t\t\t\t\t<div class=\"elementor-container elementor-column-gap-default\">\n\t\t\t\t\t<div class=\"elementor-column elementor-col-50 elementor-top-column elementor-element elementor-element-46df5a0\" data-id=\"46df5a0\" data-element_type=\"column\" data-settings=\"{&quot;background_background&quot;:&quot;classic&quot;}\">\n\t\t\t<div class=\"elementor-widget-wrap elementor-element-populated\">\n\t\t\t\t\t\t<div class=\"elementor-element elementor-element-1001347 elementor-hidden-mobile elementor-widget elementor-widget-image\" data-id=\"1001347\" data-element_type=\"widget\" data-widget_type=\"image.default\">\n\t\t\t\t<div class=\"elementor-widget-container\">\n\t\t\t\t\t\t\t\t\t\t\t\t\t\t\t<img decoding=\"async\" width=\"300\" height=\"74\" src=\"https:\/\/erikoishammasteknikkosalonen.fi\/wp-content\/uploads\/2022\/10\/ehtperttis_footerlogo-01-01-1-e1665079784344-300x74.png\" class=\"attachment-medium size-medium wp-image-28\" alt=\"Erikoishammasteknikko Pertti Salonen\" srcset=\"https:\/\/erikoishammasteknikkosalonen.fi\/wp-content\/uploads\/2022\/10\/ehtperttis_footerlogo-01-01-1-e1665079784344-300x74.png 300w, https:\/\/erikoishammasteknikkosalonen.fi\/wp-content\/uploads\/2022\/10\/ehtperttis_footerlogo-01-01-1-e1665079784344.png 566w\" sizes=\"(max-width: 300px) 100vw, 300px\" \/>\t\t\t\t\t\t\t\t\t\t\t\t\t\t\t<\/div>\n\t\t\t\t<\/div>\n\t\t\t\t<div class=\"elementor-element elementor-element-8479420 elementor-widget elementor-widget-heading\" data-id=\"8479420\" data-element_type=\"widget\" data-widget_type=\"heading.default\">\n\t\t\t\t<div class=\"elementor-widget-container\">\n\t\t\t\t\t<h1 class=\"elementor-heading-title elementor-size-default\">Erikoishammasteknikko pertti salonen<\/h1>\t\t\t\t<\/div>\n\t\t\t\t<\/div>\n\t\t\t\t<div class=\"elementor-element elementor-element-9e0e955 elementor-widget elementor-widget-heading\" data-id=\"9e0e955\" data-element_type=\"widget\" data-widget_type=\"heading.default\">\n\t\t\t\t<div class=\"elementor-widget-container\">\n\t\t\t\t\t<h1 class=\"elementor-heading-title elementor-size-default\">Hammasproteesit <br>kiireett\u00f6m\u00e4sti<\/h1>\t\t\t\t<\/div>\n\t\t\t\t<\/div>\n\t\t\t\t<div class=\"elementor-element elementor-element-4d0c883 elementor-widget-divider--view-line elementor-widget elementor-widget-divider\" data-id=\"4d0c883\" data-element_type=\"widget\" data-widget_type=\"divider.default\">\n\t\t\t\t<div class=\"elementor-widget-container\">\n\t\t\t\t\t\t\t<div class=\"elementor-divider\">\n\t\t\t<span class=\"elementor-divider-separator\">\n\t\t\t\t\t\t<\/span>\n\t\t<\/div>\n\t\t\t\t\t\t<\/div>\n\t\t\t\t<\/div>\n\t\t\t\t<div class=\"elementor-element elementor-element-9c83cb4 elementor-widget elementor-widget-heading\" data-id=\"9c83cb4\" data-element_type=\"widget\" data-widget_type=\"heading.default\">\n\t\t\t\t<div class=\"elementor-widget-container\">\n\t\t\t\t\t<h3 class=\"elementor-heading-title elementor-size-default\">Soita ajanvaraukseen<\/h3>\t\t\t\t<\/div>\n\t\t\t\t<\/div>\n\t\t\t\t<div class=\"elementor-element elementor-element-c7edf31 elementor-view-default elementor-widget elementor-widget-icon\" data-id=\"c7edf31\" data-element_type=\"widget\" data-widget_type=\"icon.default\">\n\t\t\t\t<div class=\"elementor-widget-container\">\n\t\t\t\t\t\t\t<div class=\"elementor-icon-wrapper\">\n\t\t\t<div class=\"elementor-icon\">\n\t\t\t<i aria-hidden=\"true\" class=\"fas fa-phone-alt\"><\/i>\t\t\t<\/div>\n\t\t<\/div>\n\t\t\t\t\t\t<\/div>\n\t\t\t\t<\/div>\n\t\t\t\t<div class=\"elementor-element elementor-element-c815cd6 elementor-widget elementor-widget-heading\" data-id=\"c815cd6\" data-element_type=\"widget\" data-widget_type=\"heading.default\">\n\t\t\t\t<div class=\"elementor-widget-container\">\n\t\t\t\t\t<h3 class=\"elementor-heading-title elementor-size-default\">02 733 3080<\/h3>\t\t\t\t<\/div>\n\t\t\t\t<\/div>\n\t\t\t\t\t<\/div>\n\t\t<\/div>\n\t\t\t\t<div class=\"elementor-column elementor-col-50 elementor-top-column elementor-element elementor-element-c7bfc45 elementor-hidden-mobile\" data-id=\"c7bfc45\" data-element_type=\"column\">\n\t\t\t<div class=\"elementor-widget-wrap elementor-element-populated\">\n\t\t\t\t\t\t\t<\/div>\n\t\t<\/div>\n\t\t\t\t\t<\/div>\n\t\t<\/section>\n\t\t\t\t<section class=\"elementor-section elementor-top-section elementor-element elementor-element-e74ebf8 elementor-hidden-mobile elementor-section-boxed elementor-section-height-default elementor-section-height-default\" data-id=\"e74ebf8\" data-element_type=\"section\" data-settings=\"{&quot;background_background&quot;:&quot;classic&quot;}\">\n\t\t\t\t\t\t<div class=\"elementor-container elementor-column-gap-default\">\n\t\t\t\t\t<div class=\"elementor-column elementor-col-50 elementor-top-column elementor-element elementor-element-67da61f\" data-id=\"67da61f\" data-element_type=\"column\">\n\t\t\t<div class=\"elementor-widget-wrap elementor-element-populated\">\n\t\t\t\t\t\t<div class=\"elementor-element elementor-element-94a4e9f elementor-widget elementor-widget-heading\" data-id=\"94a4e9f\" data-element_type=\"widget\" data-widget_type=\"heading.default\">\n\t\t\t\t<div class=\"elementor-widget-container\">\n\t\t\t\t\t<h3 class=\"elementor-heading-title elementor-size-default\">Palvelua sinulle<\/h3>\t\t\t\t<\/div>\n\t\t\t\t<\/div>\n\t\t\t\t<div class=\"elementor-element elementor-element-4a4b22b elementor-widget elementor-widget-text-editor\" data-id=\"4a4b22b\" data-element_type=\"widget\" data-widget_type=\"text-editor.default\">\n\t\t\t\t<div class=\"elementor-widget-container\">\n\t\t\t\t\t\t\t\t\t<p>Erikoishammasteknikko Pertti Salosen vastaanotolla saat kiireet\u00f6nt\u00e4 ja yst\u00e4v\u00e4llist\u00e4 palvelua. Meille t\u00e4rkeint\u00e4 on asiakkaan tyytyv\u00e4isyys ja tuotteiden korkea laatu. Vastaanotollamme on miellytt\u00e4v\u00e4t nykyaikaiset tilat, joissa on mukava asioida. Toimimme Salon keskustassa ja tilamme sijaitsevat suoraan katutasossa, joten meille p\u00e4\u00e4see asioimaan my\u00f6s py\u00f6r\u00e4tuolilla ja rollaattorilla vaivattomasti. Autolla liikkuessasi saat pys\u00e4k\u00f6ity\u00e4 helposti suoraan ovemme eteen kadunvarteen, josta l\u00f6ytyy runsaasti pys\u00e4k\u00f6intitilaa. Erikoishammasteknikon vastaanotolla teetett\u00e4v\u00e4t ty\u00f6t valmistamme itseomassa hammaslaboratoriossamme (Dentif<wbr \/>orm Oy),joka sijaitsee samoissa tiloissa.<\/p>\t\t\t\t\t\t\t\t<\/div>\n\t\t\t\t<\/div>\n\t\t\t\t\t<\/div>\n\t\t<\/div>\n\t\t\t\t<div class=\"elementor-column elementor-col-50 elementor-top-column elementor-element elementor-element-f48c21e\" data-id=\"f48c21e\" data-element_type=\"column\">\n\t\t\t<div class=\"elementor-widget-wrap elementor-element-populated\">\n\t\t\t\t\t\t<div class=\"elementor-element elementor-element-33c1a2d elementor-widget elementor-widget-image\" data-id=\"33c1a2d\" data-element_type=\"widget\" data-widget_type=\"image.default\">\n\t\t\t\t<div class=\"elementor-widget-container\">\n\t\t\t\t\t\t\t\t\t\t\t\t\t\t\t<img fetchpriority=\"high\" decoding=\"async\" width=\"768\" height=\"1129\" src=\"https:\/\/erikoishammasteknikkosalonen.fi\/wp-content\/uploads\/2022\/10\/2872_vari_lahikuva_web-768x1129.jpg\" class=\"attachment-medium_large size-medium_large wp-image-38\" alt=\"Erikoishammasteknikko Pertti Salonen kuva\" srcset=\"https:\/\/erikoishammasteknikkosalonen.fi\/wp-content\/uploads\/2022\/10\/2872_vari_lahikuva_web-768x1129.jpg 768w, https:\/\/erikoishammasteknikkosalonen.fi\/wp-content\/uploads\/2022\/10\/2872_vari_lahikuva_web-204x300.jpg 204w, https:\/\/erikoishammasteknikkosalonen.fi\/wp-content\/uploads\/2022\/10\/2872_vari_lahikuva_web-696x1024.jpg 696w, https:\/\/erikoishammasteknikkosalonen.fi\/wp-content\/uploads\/2022\/10\/2872_vari_lahikuva_web.jpg 1020w\" sizes=\"(max-width: 768px) 100vw, 768px\" \/>\t\t\t\t\t\t\t\t\t\t\t\t\t\t\t<\/div>\n\t\t\t\t<\/div>\n\t\t\t\t\t<\/div>\n\t\t<\/div>\n\t\t\t\t\t<\/div>\n\t\t<\/section>\n\t\t\t\t<section class=\"elementor-section elementor-top-section elementor-element elementor-element-07b86f1 elementor-hidden-desktop elementor-hidden-tablet elementor-section-boxed elementor-section-height-default elementor-section-height-default\" data-id=\"07b86f1\" data-element_type=\"section\" data-settings=\"{&quot;background_background&quot;:&quot;classic&quot;}\">\n\t\t\t\t\t\t<div class=\"elementor-container elementor-column-gap-default\">\n\t\t\t\t\t<div class=\"elementor-column elementor-col-50 elementor-top-column elementor-element elementor-element-992d856 elementor-hidden-desktop elementor-hidden-tablet\" data-id=\"992d856\" data-element_type=\"column\">\n\t\t\t<div class=\"elementor-widget-wrap elementor-element-populated\">\n\t\t\t\t\t\t<div class=\"elementor-element elementor-element-454745b elementor-widget elementor-widget-heading\" data-id=\"454745b\" data-element_type=\"widget\" data-widget_type=\"heading.default\">\n\t\t\t\t<div class=\"elementor-widget-container\">\n\t\t\t\t\t<h3 class=\"elementor-heading-title elementor-size-default\">Palvelua sinulle<\/h3>\t\t\t\t<\/div>\n\t\t\t\t<\/div>\n\t\t\t\t<div class=\"elementor-element elementor-element-9ceb628 elementor-widget elementor-widget-text-editor\" data-id=\"9ceb628\" data-element_type=\"widget\" data-widget_type=\"text-editor.default\">\n\t\t\t\t<div class=\"elementor-widget-container\">\n\t\t\t\t\t\t\t\t\t<p>Erikoishammasteknikko Pertti Salosen vastaanotolla saat kiireet\u00f6nt\u00e4 ja yst\u00e4v\u00e4llist\u00e4 palvelua. Meille t\u00e4rkeint\u00e4 on asiakkaan tyytyv\u00e4isyys ja tuotteiden korkea laatu. Vastaanotollamme on miellytt\u00e4v\u00e4t nykyaikaiset tilat, joissa on mukava asioida. Toimimme Salon keskustassa ja tilamme sijaitsevat suoraan katutasossa, joten meille p\u00e4\u00e4see asioimaan my\u00f6s py\u00f6r\u00e4tuolilla ja rollaattorilla vaivattomasti. Autolla liikkuessasi saat pys\u00e4k\u00f6ity\u00e4 helposti suoraan ovemme eteen kadunvarteen, josta l\u00f6ytyy runsaasti pys\u00e4k\u00f6intitilaa. Erikoishammasteknikon vastaanotolla teetett\u00e4v\u00e4t ty\u00f6t valmistamme itseomassa hammaslaboratoriossamme (Dentif<wbr \/>orm Oy),joka sijaitsee samoissa tiloissa.<\/p>\t\t\t\t\t\t\t\t<\/div>\n\t\t\t\t<\/div>\n\t\t\t\t\t<\/div>\n\t\t<\/div>\n\t\t\t\t<div class=\"elementor-column elementor-col-50 elementor-top-column elementor-element elementor-element-88797aa\" data-id=\"88797aa\" data-element_type=\"column\">\n\t\t\t<div class=\"elementor-widget-wrap elementor-element-populated\">\n\t\t\t\t\t\t<div class=\"elementor-element elementor-element-25cf526 elementor-widget elementor-widget-image\" data-id=\"25cf526\" data-element_type=\"widget\" data-widget_type=\"image.default\">\n\t\t\t\t<div class=\"elementor-widget-container\">\n\t\t\t\t\t\t\t\t\t\t\t\t\t\t\t<img fetchpriority=\"high\" decoding=\"async\" width=\"768\" height=\"1129\" src=\"https:\/\/erikoishammasteknikkosalonen.fi\/wp-content\/uploads\/2022\/10\/2872_vari_lahikuva_web-768x1129.jpg\" class=\"attachment-medium_large size-medium_large wp-image-38\" alt=\"Erikoishammasteknikko Pertti Salonen kuva\" srcset=\"https:\/\/erikoishammasteknikkosalonen.fi\/wp-content\/uploads\/2022\/10\/2872_vari_lahikuva_web-768x1129.jpg 768w, https:\/\/erikoishammasteknikkosalonen.fi\/wp-content\/uploads\/2022\/10\/2872_vari_lahikuva_web-204x300.jpg 204w, https:\/\/erikoishammasteknikkosalonen.fi\/wp-content\/uploads\/2022\/10\/2872_vari_lahikuva_web-696x1024.jpg 696w, https:\/\/erikoishammasteknikkosalonen.fi\/wp-content\/uploads\/2022\/10\/2872_vari_lahikuva_web.jpg 1020w\" sizes=\"(max-width: 768px) 100vw, 768px\" \/>\t\t\t\t\t\t\t\t\t\t\t\t\t\t\t<\/div>\n\t\t\t\t<\/div>\n\t\t\t\t\t<\/div>\n\t\t<\/div>\n\t\t\t\t\t<\/div>\n\t\t<\/section>\n\t\t\t\t<section class=\"elementor-section elementor-top-section elementor-element elementor-element-65683e8 elementor-section-boxed elementor-section-height-default elementor-section-height-default\" data-id=\"65683e8\" data-element_type=\"section\">\n\t\t\t\t\t\t<div class=\"elementor-container elementor-column-gap-default\">\n\t\t\t\t\t<div class=\"elementor-column elementor-col-100 elementor-top-column elementor-element elementor-element-3030d47\" data-id=\"3030d47\" data-element_type=\"column\" data-settings=\"{&quot;background_background&quot;:&quot;classic&quot;}\">\n\t\t\t<div class=\"elementor-widget-wrap elementor-element-populated\">\n\t\t\t\t\t\t<div class=\"elementor-element elementor-element-a3c7504 elementor-widget elementor-widget-heading\" data-id=\"a3c7504\" data-element_type=\"widget\" data-widget_type=\"heading.default\">\n\t\t\t\t<div class=\"elementor-widget-container\">\n\t\t\t\t\t<h2 class=\"elementor-heading-title elementor-size-default\">Erikoishammasteknikon<br>palvelut<\/h2>\t\t\t\t<\/div>\n\t\t\t\t<\/div>\n\t\t\t\t<div class=\"elementor-element elementor-element-d4fc51a elementor-widget elementor-widget-text-editor\" data-id=\"d4fc51a\" data-element_type=\"widget\" data-widget_type=\"text-editor.default\">\n\t\t\t\t<div class=\"elementor-widget-container\">\n\t\t\t\t\t\t\t\t\t<ul><li>Uusien hammasproteesien valmistus.<\/li><li>Hammasproteesien pohjaukset ja korjaukset.<\/li><li>Hammasproteesien tarkastukset, puhdistukset ja huoltaminen.<\/li><\/ul>\t\t\t\t\t\t\t\t<\/div>\n\t\t\t\t<\/div>\n\t\t\t\t<div class=\"elementor-element elementor-element-6322aac elementor-align-center elementor-widget elementor-widget-button\" data-id=\"6322aac\" data-element_type=\"widget\" data-widget_type=\"button.default\">\n\t\t\t\t<div class=\"elementor-widget-container\">\n\t\t\t\t\t\t\t\t\t<div class=\"elementor-button-wrapper\">\n\t\t\t\t\t<a class=\"elementor-button elementor-button-link elementor-size-sm\" href=\"https:\/\/erikoishammasteknikkosalonen.fi\/?page_id=70\">\n\t\t\t\t\t\t<span class=\"elementor-button-content-wrapper\">\n\t\t\t\t\t\t\t\t\t<span class=\"elementor-button-text\">LIS\u00c4\u00c4 TIETOA<\/span>\n\t\t\t\t\t<\/span>\n\t\t\t\t\t<\/a>\n\t\t\t\t<\/div>\n\t\t\t\t\t\t\t\t<\/div>\n\t\t\t\t<\/div>\n\t\t\t\t\t<\/div>\n\t\t<\/div>\n\t\t\t\t\t<\/div>\n\t\t<\/section>\n\t\t\t\t<section class=\"elementor-section elementor-top-section elementor-element elementor-element-79de450 elementor-section-boxed elementor-section-height-default elementor-section-height-default\" data-id=\"79de450\" data-element_type=\"section\" data-settings=\"{&quot;background_background&quot;:&quot;classic&quot;}\">\n\t\t\t\t\t\t<div class=\"elementor-container elementor-column-gap-default\">\n\t\t\t\t\t<div class=\"elementor-column elementor-col-50 elementor-top-column elementor-element elementor-element-8faddc3\" data-id=\"8faddc3\" data-element_type=\"column\">\n\t\t\t<div class=\"elementor-widget-wrap elementor-element-populated\">\n\t\t\t\t\t\t<div class=\"elementor-element elementor-element-cadbc94 elementor-widget elementor-widget-google_maps\" data-id=\"cadbc94\" data-element_type=\"widget\" data-widget_type=\"google_maps.default\">\n\t\t\t\t<div class=\"elementor-widget-container\">\n\t\t\t\t\t\t\t<div class=\"elementor-custom-embed\">\n\t\t\t<iframe loading=\"lazy\"\n\t\t\t\t\tsrc=\"https:\/\/maps.google.com\/maps?q=Rummunly%C3%B6j%C3%A4nkatu%207%2C%2024100%20SALO&#038;t=m&#038;z=15&#038;output=embed&#038;iwloc=near\"\n\t\t\t\t\ttitle=\"Rummunly\u00f6j\u00e4nkatu 7, 24100 SALO\"\n\t\t\t\t\taria-label=\"Rummunly\u00f6j\u00e4nkatu 7, 24100 SALO\"\n\t\t\t><\/iframe>\n\t\t<\/div>\n\t\t\t\t\t\t<\/div>\n\t\t\t\t<\/div>\n\t\t\t\t<div class=\"elementor-element elementor-element-c8bba06 elementor-widget elementor-widget-image\" data-id=\"c8bba06\" data-element_type=\"widget\" data-widget_type=\"image.default\">\n\t\t\t\t<div class=\"elementor-widget-container\">\n\t\t\t\t\t\t\t\t\t\t\t\t\t\t\t<img decoding=\"async\" width=\"300\" height=\"200\" src=\"https:\/\/erikoishammasteknikkosalonen.fi\/wp-content\/uploads\/2022\/10\/Erikoisahammasteknikko_Pertti_Salonen-300x200.jpg\" class=\"attachment-medium size-medium wp-image-36\" alt=\"Erikoishammasteknikko Pertti Salonen lokaatio\" srcset=\"https:\/\/erikoishammasteknikkosalonen.fi\/wp-content\/uploads\/2022\/10\/Erikoisahammasteknikko_Pertti_Salonen-300x200.jpg 300w, https:\/\/erikoishammasteknikkosalonen.fi\/wp-content\/uploads\/2022\/10\/Erikoisahammasteknikko_Pertti_Salonen-1024x683.jpg 1024w, https:\/\/erikoishammasteknikkosalonen.fi\/wp-content\/uploads\/2022\/10\/Erikoisahammasteknikko_Pertti_Salonen-768x512.jpg 768w, https:\/\/erikoishammasteknikkosalonen.fi\/wp-content\/uploads\/2022\/10\/Erikoisahammasteknikko_Pertti_Salonen-1536x1025.jpg 1536w, https:\/\/erikoishammasteknikkosalonen.fi\/wp-content\/uploads\/2022\/10\/Erikoisahammasteknikko_Pertti_Salonen.jpg 1920w\" sizes=\"(max-width: 300px) 100vw, 300px\" \/>\t\t\t\t\t\t\t\t\t\t\t\t\t\t\t<\/div>\n\t\t\t\t<\/div>\n\t\t\t\t\t<\/div>\n\t\t<\/div>\n\t\t\t\t<div class=\"elementor-column elementor-col-50 elementor-top-column elementor-element elementor-element-e4f8a16\" data-id=\"e4f8a16\" data-element_type=\"column\">\n\t\t\t<div class=\"elementor-widget-wrap elementor-element-populated\">\n\t\t\t\t\t\t<div class=\"elementor-element elementor-element-ff65217 elementor-widget elementor-widget-heading\" data-id=\"ff65217\" data-element_type=\"widget\" data-widget_type=\"heading.default\">\n\t\t\t\t<div class=\"elementor-widget-container\">\n\t\t\t\t\t<h3 class=\"elementor-heading-title elementor-size-default\">Sijainti<\/h3>\t\t\t\t<\/div>\n\t\t\t\t<\/div>\n\t\t\t\t<div class=\"elementor-element elementor-element-e68d6e3 elementor-widget elementor-widget-text-editor\" data-id=\"e68d6e3\" data-element_type=\"widget\" data-widget_type=\"text-editor.default\">\n\t\t\t\t<div class=\"elementor-widget-container\">\n\t\t\t\t\t\t\t\t\t<p>Osoite: Rummunly\u00f6j\u00e4nkatu 7, 24100 SALO<\/p><p>Soita ajanvaraukseen<\/p>\t\t\t\t\t\t\t\t<\/div>\n\t\t\t\t<\/div>\n\t\t\t\t<div class=\"elementor-element elementor-element-c399300 elementor-view-default elementor-widget elementor-widget-icon\" data-id=\"c399300\" data-element_type=\"widget\" data-widget_type=\"icon.default\">\n\t\t\t\t<div class=\"elementor-widget-container\">\n\t\t\t\t\t\t\t<div class=\"elementor-icon-wrapper\">\n\t\t\t<div class=\"elementor-icon\">\n\t\t\t<i aria-hidden=\"true\" class=\"fas fa-phone-alt\"><\/i>\t\t\t<\/div>\n\t\t<\/div>\n\t\t\t\t\t\t<\/div>\n\t\t\t\t<\/div>\n\t\t\t\t<div class=\"elementor-element elementor-element-34ac8d1 elementor-widget elementor-widget-heading\" data-id=\"34ac8d1\" data-element_type=\"widget\" data-widget_type=\"heading.default\">\n\t\t\t\t<div class=\"elementor-widget-container\">\n\t\t\t\t\t<h2 class=\"elementor-heading-title elementor-size-default\">02 733 3080<\/h2>\t\t\t\t<\/div>\n\t\t\t\t<\/div>\n\t\t\t\t\t<\/div>\n\t\t<\/div>\n\t\t\t\t\t<\/div>\n\t\t<\/section>\n\t\t\t\t<section class=\"elementor-section elementor-top-section elementor-element elementor-element-348f93f elementor-section-boxed elementor-section-height-default elementor-section-height-default\" data-id=\"348f93f\" data-element_type=\"section\">\n\t\t\t\t\t\t<div class=\"elementor-container elementor-column-gap-default\">\n\t\t\t\t\t<div class=\"elementor-column elementor-col-100 elementor-top-column elementor-element elementor-element-94880a1\" data-id=\"94880a1\" data-element_type=\"column\">\n\t\t\t<div class=\"elementor-widget-wrap elementor-element-populated\">\n\t\t\t\t\t\t<div class=\"elementor-element elementor-element-4916edd elementor-widget elementor-widget-heading\" data-id=\"4916edd\" data-element_type=\"widget\" data-widget_type=\"heading.default\">\n\t\t\t\t<div class=\"elementor-widget-container\">\n\t\t\t\t\t<h3 class=\"elementor-heading-title elementor-size-default\">Ota yhteytt\u00e4 nyt!<\/h3>\t\t\t\t<\/div>\n\t\t\t\t<\/div>\n\t\t\t\t<div class=\"elementor-element elementor-element-b596ce6 elementor-widget-divider--view-line elementor-widget elementor-widget-divider\" data-id=\"b596ce6\" data-element_type=\"widget\" data-widget_type=\"divider.default\">\n\t\t\t\t<div class=\"elementor-widget-container\">\n\t\t\t\t\t\t\t<div class=\"elementor-divider\">\n\t\t\t<span class=\"elementor-divider-separator\">\n\t\t\t\t\t\t<\/span>\n\t\t<\/div>\n\t\t\t\t\t\t<\/div>\n\t\t\t\t<\/div>\n\t\t\t\t<div class=\"elementor-element elementor-element-d4cb4f6 elementor-view-default elementor-widget elementor-widget-icon\" data-id=\"d4cb4f6\" data-element_type=\"widget\" data-widget_type=\"icon.default\">\n\t\t\t\t<div class=\"elementor-widget-container\">\n\t\t\t\t\t\t\t<div class=\"elementor-icon-wrapper\">\n\t\t\t<div class=\"elementor-icon\">\n\t\t\t<i aria-hidden=\"true\" class=\"fas fa-phone-alt\"><\/i>\t\t\t<\/div>\n\t\t<\/div>\n\t\t\t\t\t\t<\/div>\n\t\t\t\t<\/div>\n\t\t\t\t<div class=\"elementor-element elementor-element-6c377bd elementor-widget elementor-widget-heading\" data-id=\"6c377bd\" data-element_type=\"widget\" data-widget_type=\"heading.default\">\n\t\t\t\t<div class=\"elementor-widget-container\">\n\t\t\t\t\t<h3 class=\"elementor-heading-title elementor-size-default\">02 733 3080<\/h3>\t\t\t\t<\/div>\n\t\t\t\t<\/div>\n\t\t\t\t\t<\/div>\n\t\t<\/div>\n\t\t\t\t\t<\/div>\n\t\t<\/section>\n\t\t\t\t<\/div>\n\t\t","protected":false},"excerpt":{"rendered":"<p>Erikoishammasteknikko pertti salonen Hammasproteesit kiireett\u00f6m\u00e4sti Soita ajanvaraukseen 02 733 3080 Palvelua sinulle Erikoishammasteknikko Pertti Salosen vastaanotolla saat kiireet\u00f6nt\u00e4 ja yst\u00e4v\u00e4llist\u00e4 palvelua. Meille t\u00e4rkeint\u00e4 on asiakkaan tyytyv\u00e4isyys ja tuotteiden korkea laatu. Vastaanotollamme on miellytt\u00e4v\u00e4t nykyaikaiset tilat, joissa on mukava asioida. Toimimme Salon keskustassa ja tilamme sijaitsevat suoraan katutasossa, joten meille p\u00e4\u00e4see asioimaan my\u00f6s py\u00f6r\u00e4tuolilla ja rollaattorilla [&hellip;]<\/p>\n","protected":false},"author":1,"featured_media":0,"parent":0,"menu_order":0,"comment_status":"closed","ping_status":"closed","template":"elementor_header_footer","meta":{"footnotes":""},"class_list":["post-25","page","type-page","status-publish","hentry","entry"],"aioseo_notices":[],"_links":{"self":[{"href":"https:\/\/erikoishammasteknikkosalonen.fi\/index.php?rest_route=\/wp\/v2\/pages\/25","targetHints":{"allow":["GET"]}}],"collection":[{"href":"https:\/\/erikoishammasteknikkosalonen.fi\/index.php?rest_route=\/wp\/v2\/pages"}],"about":[{"href":"https:\/\/erikoishammasteknikkosalonen.fi\/index.php?rest_route=\/wp\/v2\/types\/page"}],"author":[{"embeddable":true,"href":"https:\/\/erikoishammasteknikkosalonen.fi\/index.php?rest_route=\/wp\/v2\/users\/1"}],"replies":[{"embeddable":true,"href":"https:\/\/erikoishammasteknikkosalonen.fi\/index.php?rest_route=%2Fwp%2Fv2%2Fcomments&post=25"}],"version-history":[{"count":147,"href":"https:\/\/erikoishammasteknikkosalonen.fi\/index.php?rest_route=\/wp\/v2\/pages\/25\/revisions"}],"predecessor-version":[{"id":325,"href":"https:\/\/erikoishammasteknikkosalonen.fi\/index.php?rest_route=\/wp\/v2\/pages\/25\/revisions\/325"}],"wp:attachment":[{"href":"https:\/\/erikoishammasteknikkosalonen.fi\/index.php?rest_route=%2Fwp%2Fv2%2Fmedia&parent=25"}],"curies":[{"name":"wp","href":"https:\/\/api.w.org\/{rel}","templated":true}]}}